{"id":900,"date":"2023-09-13T17:12:59","date_gmt":"2023-09-13T15:12:59","guid":{"rendered":"https:\/\/thamnoi-living.com\/about\/"},"modified":"2024-01-12T18:21:42","modified_gmt":"2024-01-12T16:21:42","slug":"about","status":"publish","type":"page","link":"https:\/\/thamnoi-living.com\/de\/about\/","title":{"rendered":"\u00dcber uns"},"content":{"rendered":"\t\t<div data-elementor-type=\"wp-page\" data-elementor-id=\"900\" class=\"elementor elementor-900 elementor-20\">\n\t\t\t\t\t\t<section class=\"elementor-section elementor-top-section elementor-element elementor-element-ee2494c elementor-section-height-min-height elementor-section-boxed elementor-section-height-default elementor-section-items-middle\" data-id=\"ee2494c\" data-element_type=\"section\" data-settings=\"{&quot;background_background&quot;:&quot;classic&quot;}\">\n\t\t\t\t\t\t\t<div class=\"elementor-background-overlay\"><\/div>\n\t\t\t\t\t\t\t<div class=\"elementor-container elementor-column-gap-default\">\n\t\t\t\t\t<div class=\"elementor-column elementor-col-100 elementor-top-column elementor-element elementor-element-00ca53e\" data-id=\"00ca53e\" data-element_type=\"column\">\n\t\t\t<div class=\"elementor-widget-wrap elementor-element-populated\">\n\t\t\t\t\t\t<div class=\"elementor-element elementor-element-b7eeecb elementor-widget elementor-widget-heading\" data-id=\"b7eeecb\" data-element_type=\"widget\" data-widget_type=\"heading.default\">\n\t\t\t\t<div class=\"elementor-widget-container\">\n\t\t\t\t\t<h1 class=\"elementor-heading-title elementor-size-default\">\u03a0\u03c1\u03bf\u03c3\u03b8\u03ad\u03c3\u03c4\u03b5 \u0395\u03b4\u03ce \u03c4\u03bf \u039a\u03b5\u03af\u03bc\u03b5\u03bd\u03bf \u0395\u03c0\u03b9\u03ba\u03b5\u03c6\u03b1\u03bb\u03af\u03b4\u03b1\u03c2 \u03c3\u03b1\u03c2<\/h1>\t\t\t\t<\/div>\n\t\t\t\t<\/div>\n\t\t\t\t\t<\/div>\n\t\t<\/div>\n\t\t\t\t\t<\/div>\n\t\t<\/section>\n\t\t\t\t<section class=\"elementor-section elementor-top-section elementor-element elementor-element-0b343f0 elementor-section-boxed elementor-section-height-default elementor-section-height-default\" data-id=\"0b343f0\" data-element_type=\"section\">\n\t\t\t\t\t\t<div class=\"elementor-container elementor-column-gap-wider\">\n\t\t\t\t\t<div class=\"elementor-column elementor-col-50 elementor-top-column elementor-element elementor-element-d62f48a\" data-id=\"d62f48a\" data-element_type=\"column\">\n\t\t\t<div class=\"elementor-widget-wrap elementor-element-populated\">\n\t\t\t\t\t\t<div class=\"elementor-element elementor-element-d5b61c1 elementor-widget elementor-widget-image\" data-id=\"d5b61c1\" data-element_type=\"widget\" data-widget_type=\"image.default\">\n\t\t\t\t<div class=\"elementor-widget-container\">\n\t\t\t\t\t\t\t\t\t\t\t\t\t\t\t<img fetchpriority=\"high\" decoding=\"async\" width=\"800\" height=\"600\" src=\"https:\/\/thamnoi-living.com\/wp-content\/uploads\/2023\/08\/mani-1024x768.jpg\" class=\"attachment-large size-large wp-image-5\" alt=\"\" srcset=\"https:\/\/thamnoi-living.com\/wp-content\/uploads\/2023\/08\/mani-1024x768.jpg 1024w, https:\/\/thamnoi-living.com\/wp-content\/uploads\/2023\/08\/mani-600x450.jpg 600w, https:\/\/thamnoi-living.com\/wp-content\/uploads\/2023\/08\/mani-300x225.jpg 300w, https:\/\/thamnoi-living.com\/wp-content\/uploads\/2023\/08\/mani-768x576.jpg 768w, https:\/\/thamnoi-living.com\/wp-content\/uploads\/2023\/08\/mani.jpg 1232w\" sizes=\"(max-width: 800px) 100vw, 800px\" \/>\t\t\t\t\t\t\t\t\t\t\t\t\t\t\t<\/div>\n\t\t\t\t<\/div>\n\t\t\t\t\t<\/div>\n\t\t<\/div>\n\t\t\t\t<div class=\"elementor-column elementor-col-50 elementor-top-column elementor-element elementor-element-31cae66\" data-id=\"31cae66\" data-element_type=\"column\">\n\t\t\t<div class=\"elementor-widget-wrap elementor-element-populated\">\n\t\t\t\t\t\t<div class=\"elementor-element elementor-element-3bd5215 elementor-widget elementor-widget-heading\" data-id=\"3bd5215\" data-element_type=\"widget\" data-widget_type=\"heading.default\">\n\t\t\t\t<div class=\"elementor-widget-container\">\n\t\t\t\t\t<h2 class=\"elementor-heading-title elementor-size-default\">Hier, um Ihnen bei der Verwirklichung Ihrer Vision zu helfen<\/h2>\t\t\t\t<\/div>\n\t\t\t\t<\/div>\n\t\t\t\t<div class=\"elementor-element elementor-element-dd7feb4 elementor-widget elementor-widget-text-editor\" data-id=\"dd7feb4\" data-element_type=\"widget\" data-widget_type=\"text-editor.default\">\n\t\t\t\t<div class=\"elementor-widget-container\">\n\t\t\t\t\t\t\t\t\t<p>Wie bei so vielen anderen spielte auch die Work-Life-Balance eine Rolle<br \/>Da wir eine wichtige Rolle bei der Gestaltung der Zukunft spielten, verliebten wir uns<br \/>mit diesem Paradies aus Natur, Essen und Kultur danach<br \/>Besuch der <strong>Mani-Region<\/strong>, von dort aus auf unserer lokalen Reise<br \/>und Erfahrung war geboren.<\/p><p>Das Team greift auf eine F\u00fclle von Fachleuten zur\u00fcck<br \/>Wissen gepaart mit internationaler Erfahrung<br \/>arbeiten und leben seit mehr als auf der ganzen Welt<br \/>drei\u00dfig Jahre im Management von Design, Konstruktion und<br \/>Gesch\u00e4ftst\u00e4tigkeiten. Wir finden die passenden L\u00f6sungen f\u00fcr<br \/>Ihre individuellen Bed\u00fcrfnisse, damit Sie sorgenfrei bleiben k\u00f6nnen<br \/>Du begibst dich auf diese Reise.<\/p>\t\t\t\t\t\t\t\t<\/div>\n\t\t\t\t<\/div>\n\t\t\t\t\t<\/div>\n\t\t<\/div>\n\t\t\t\t\t<\/div>\n\t\t<\/section>\n\t\t\t\t<section class=\"elementor-section elementor-top-section elementor-element elementor-element-0b12c7d elementor-reverse-mobile elementor-section-boxed elementor-section-height-default elementor-section-height-default\" data-id=\"0b12c7d\" data-element_type=\"section\">\n\t\t\t\t\t\t<div class=\"elementor-container elementor-column-gap-wider\">\n\t\t\t\t\t<div class=\"elementor-column elementor-col-50 elementor-top-column elementor-element elementor-element-20c9ea6\" data-id=\"20c9ea6\" data-element_type=\"column\">\n\t\t\t<div class=\"elementor-widget-wrap elementor-element-populated\">\n\t\t\t\t\t\t<div class=\"elementor-element elementor-element-6bbae0b elementor-widget elementor-widget-text-editor\" data-id=\"6bbae0b\" data-element_type=\"widget\" data-widget_type=\"text-editor.default\">\n\t\t\t\t<div class=\"elementor-widget-container\">\n\t\t\t\t\t\t\t\t\t<p>Sprache und Verst\u00e4ndnis k\u00f6nnen manchmal ein wichtiger Faktor sein Herausforderung, das Team spricht Englisch, Deutsch, Spanisch, Franz\u00f6sisch und Griechisch.<\/p><p>Bei Bedarf kooperieren wir mit unseren starken Einheimischen<br \/>Netzwerk und kann Fachleute aus den Bereichen Recht,<br \/>Ingenieure, Architekten, Bauunternehmer, Buchhalter und andere Fachkr\u00e4fte, um eine reibungslose Ausf\u00fchrung aller Arbeiten zu gew\u00e4hrleisten Aspekte Ihrer Vision werden mit gr\u00f6\u00dfter Sorgfalt umgesetzt und wie du es dir vorstellst.<\/p><p>Wenn Sie einen Neuanfang in The schaffen m\u00f6chten<br \/>Mani, <a href=\"tel:+306970036670\">rufen Sie uns an<\/a> oder <a href=\"https:\/\/thamnoi-living.com\/contact\/\">schreiben Sie uns eine Nachricht<\/a>.<\/p>\t\t\t\t\t\t\t\t<\/div>\n\t\t\t\t<\/div>\n\t\t\t\t\t<\/div>\n\t\t<\/div>\n\t\t\t\t<div class=\"elementor-column elementor-col-50 elementor-top-column elementor-element elementor-element-4122cdb\" data-id=\"4122cdb\" data-element_type=\"column\">\n\t\t\t<div class=\"elementor-widget-wrap elementor-element-populated\">\n\t\t\t\t\t\t<div class=\"elementor-element elementor-element-443a688 elementor-widget elementor-widget-image\" data-id=\"443a688\" data-element_type=\"widget\" data-widget_type=\"image.default\">\n\t\t\t\t<div class=\"elementor-widget-container\">\n\t\t\t\t\t\t\t\t\t\t\t\t\t\t\t<img decoding=\"async\" width=\"800\" height=\"450\" src=\"https:\/\/thamnoi-living.com\/wp-content\/uploads\/2023\/09\/Proastio-1024x576.jpg\" class=\"attachment-large size-large wp-image-78\" alt=\"\" srcset=\"https:\/\/thamnoi-living.com\/wp-content\/uploads\/2023\/09\/Proastio-1024x576.jpg 1024w, https:\/\/thamnoi-living.com\/wp-content\/uploads\/2023\/09\/Proastio-600x338.jpg 600w, https:\/\/thamnoi-living.com\/wp-content\/uploads\/2023\/09\/Proastio-300x169.jpg 300w, https:\/\/thamnoi-living.com\/wp-content\/uploads\/2023\/09\/Proastio-768x432.jpg 768w, https:\/\/thamnoi-living.com\/wp-content\/uploads\/2023\/09\/Proastio.jpg 1500w\" sizes=\"(max-width: 800px) 100vw, 800px\" \/>\t\t\t\t\t\t\t\t\t\t\t\t\t\t\t<\/div>\n\t\t\t\t<\/div>\n\t\t\t\t\t<\/div>\n\t\t<\/div>\n\t\t\t\t\t<\/div>\n\t\t<\/section>\n\t\t\t\t<section class=\"elementor-section elementor-top-section elementor-element elementor-element-121543e elementor-section-boxed elementor-section-height-default elementor-section-height-default\" data-id=\"121543e\" data-element_type=\"section\">\n\t\t\t\t\t\t<div class=\"elementor-container elementor-column-gap-wider\">\n\t\t\t\t\t<div class=\"elementor-column elementor-col-100 elementor-top-column elementor-element elementor-element-0dfb78e\" data-id=\"0dfb78e\" data-element_type=\"column\">\n\t\t\t<div class=\"elementor-widget-wrap elementor-element-populated\">\n\t\t\t\t\t\t<div class=\"elementor-element elementor-element-6f697b7 elementor-widget elementor-widget-heading\" data-id=\"6f697b7\" data-element_type=\"widget\" data-widget_type=\"heading.default\">\n\t\t\t\t<div class=\"elementor-widget-container\">\n\t\t\t\t\t<h2 class=\"elementor-heading-title elementor-size-default\">Unser Team steht Ihnen gerne zur Verf\u00fcgung<\/h2>\t\t\t\t<\/div>\n\t\t\t\t<\/div>\n\t\t\t\t<section class=\"elementor-section elementor-inner-section elementor-element elementor-element-3029f59 elementor-section-boxed elementor-section-height-default elementor-section-height-default\" data-id=\"3029f59\" data-element_type=\"section\">\n\t\t\t\t\t\t<div class=\"elementor-container elementor-column-gap-default\">\n\t\t\t\t\t<div class=\"elementor-column elementor-col-50 elementor-inner-column elementor-element elementor-element-74e1bb4\" data-id=\"74e1bb4\" data-element_type=\"column\">\n\t\t\t<div class=\"elementor-widget-wrap elementor-element-populated\">\n\t\t\t\t\t\t<div class=\"elementor-element elementor-element-4a60ed2 elementor-widget elementor-widget-image\" data-id=\"4a60ed2\" data-element_type=\"widget\" data-widget_type=\"image.default\">\n\t\t\t\t<div class=\"elementor-widget-container\">\n\t\t\t\t\t\t\t\t\t\t\t\t\t\t\t<img decoding=\"async\" width=\"1200\" height=\"1600\" src=\"https:\/\/thamnoi-living.com\/wp-content\/uploads\/2023\/09\/Thamnoi-living-Renting_.jpg\" class=\"attachment-full size-full wp-image-29\" alt=\"\" srcset=\"https:\/\/thamnoi-living.com\/wp-content\/uploads\/2023\/09\/Thamnoi-living-Renting_.jpg 1200w, https:\/\/thamnoi-living.com\/wp-content\/uploads\/2023\/09\/Thamnoi-living-Renting_-600x800.jpg 600w, https:\/\/thamnoi-living.com\/wp-content\/uploads\/2023\/09\/Thamnoi-living-Renting_-225x300.jpg 225w, https:\/\/thamnoi-living.com\/wp-content\/uploads\/2023\/09\/Thamnoi-living-Renting_-768x1024.jpg 768w, https:\/\/thamnoi-living.com\/wp-content\/uploads\/2023\/09\/Thamnoi-living-Renting_-1152x1536.jpg 1152w\" sizes=\"(max-width: 1200px) 100vw, 1200px\" \/>\t\t\t\t\t\t\t\t\t\t\t\t\t\t\t<\/div>\n\t\t\t\t<\/div>\n\t\t\t\t<div class=\"elementor-element elementor-element-1153f03 elementor-widget elementor-widget-heading\" data-id=\"1153f03\" data-element_type=\"widget\" data-widget_type=\"heading.default\">\n\t\t\t\t<div class=\"elementor-widget-container\">\n\t\t\t\t\t<h5 class=\"elementor-heading-title elementor-size-default\">Chris Bush<\/h5>\t\t\t\t<\/div>\n\t\t\t\t<\/div>\n\t\t\t\t\t<\/div>\n\t\t<\/div>\n\t\t\t\t<div class=\"elementor-column elementor-col-50 elementor-inner-column elementor-element elementor-element-f74c103\" data-id=\"f74c103\" data-element_type=\"column\">\n\t\t\t<div class=\"elementor-widget-wrap elementor-element-populated\">\n\t\t\t\t\t\t<div class=\"elementor-element elementor-element-5155ca4 elementor-widget elementor-widget-image\" data-id=\"5155ca4\" data-element_type=\"widget\" data-widget_type=\"image.default\">\n\t\t\t\t<div class=\"elementor-widget-container\">\n\t\t\t\t\t\t\t\t\t\t\t\t\t\t\t<img decoding=\"async\" width=\"1200\" height=\"1600\" src=\"https:\/\/thamnoi-living.com\/wp-content\/uploads\/2023\/09\/Thamnoi-living-Renting_.jpg\" class=\"attachment-full size-full wp-image-29\" alt=\"\" srcset=\"https:\/\/thamnoi-living.com\/wp-content\/uploads\/2023\/09\/Thamnoi-living-Renting_.jpg 1200w, https:\/\/thamnoi-living.com\/wp-content\/uploads\/2023\/09\/Thamnoi-living-Renting_-600x800.jpg 600w, https:\/\/thamnoi-living.com\/wp-content\/uploads\/2023\/09\/Thamnoi-living-Renting_-225x300.jpg 225w, https:\/\/thamnoi-living.com\/wp-content\/uploads\/2023\/09\/Thamnoi-living-Renting_-768x1024.jpg 768w, https:\/\/thamnoi-living.com\/wp-content\/uploads\/2023\/09\/Thamnoi-living-Renting_-1152x1536.jpg 1152w\" sizes=\"(max-width: 1200px) 100vw, 1200px\" \/>\t\t\t\t\t\t\t\t\t\t\t\t\t\t\t<\/div>\n\t\t\t\t<\/div>\n\t\t\t\t<div class=\"elementor-element elementor-element-f5ad234 elementor-widget elementor-widget-heading\" data-id=\"f5ad234\" data-element_type=\"widget\" data-widget_type=\"heading.default\">\n\t\t\t\t<div class=\"elementor-widget-container\">\n\t\t\t\t\t<h5 class=\"elementor-heading-title elementor-size-default\">Susanne Bush<\/h5>\t\t\t\t<\/div>\n\t\t\t\t<\/div>\n\t\t\t\t\t<\/div>\n\t\t<\/div>\n\t\t\t\t\t<\/div>\n\t\t<\/section>\n\t\t\t\t\t<\/div>\n\t\t<\/div>\n\t\t\t\t\t<\/div>\n\t\t<\/section>\n\t\t\t\t<\/div>\n\t\t","protected":false},"excerpt":{"rendered":"<p>Hier, um Ihnen bei der Verwirklichung Ihrer Vision zu helfen Wie bei so vielen anderen spielte auch die Work-Life-Balance eine RolleDa wir eine wichtige Rolle bei der Gestaltung der Zukunft spielten, verliebten wir unsmit diesem Paradies aus Natur, Essen und Kultur danachBesuch der Mani-Region, von dort aus auf unserer lokalen Reiseund Erfahrung war geboren. Das [&hellip;]<\/p>\n","protected":false},"author":1,"featured_media":0,"parent":0,"menu_order":0,"comment_status":"closed","ping_status":"closed","template":"elementor_header_footer","meta":{"footnotes":""},"class_list":["post-900","page","type-page","status-publish","hentry"],"yoast_head":"<!-- This site is optimized with the Yoast SEO plugin v24.4 - https:\/\/yoast.com\/wordpress\/plugins\/seo\/ -->\n<title>\u00dcber uns - Thamnoi Living<\/title>\n<meta name=\"robots\" content=\"index, follow, max-snippet:-1, max-image-preview:large, max-video-preview:-1\" \/>\n<link rel=\"canonical\" href=\"https:\/\/thamnoi-living.com\/about\/\" \/>\n<meta property=\"og:locale\" content=\"de_DE\" \/>\n<meta property=\"og:type\" content=\"article\" \/>\n<meta property=\"og:title\" content=\"\u00dcber uns - Thamnoi Living\" \/>\n<meta property=\"og:description\" content=\"Hier, um Ihnen bei der Verwirklichung Ihrer Vision zu helfen Wie bei so vielen anderen spielte auch die Work-Life-Balance eine RolleDa wir eine wichtige Rolle bei der Gestaltung der Zukunft spielten, verliebten wir unsmit diesem Paradies aus Natur, Essen und Kultur danachBesuch der Mani-Region, von dort aus auf unserer lokalen Reiseund Erfahrung war geboren. Das [&hellip;]\" \/>\n<meta property=\"og:url\" content=\"https:\/\/thamnoi-living.com\/about\/\" \/>\n<meta property=\"og:site_name\" content=\"Thamnoi Living\" \/>\n<meta property=\"article:modified_time\" content=\"2024-01-12T16:21:42+00:00\" \/>\n<meta property=\"og:image\" content=\"https:\/\/thamnoi-living.com\/wp-content\/uploads\/2023\/08\/mani-1024x768.jpg\" \/>\n<meta name=\"twitter:card\" content=\"summary_large_image\" \/>\n<meta name=\"twitter:label1\" content=\"Gesch\u00e4tzte Lesezeit\" \/>\n\t<meta name=\"twitter:data1\" content=\"2\u00a0Minuten\" \/>\n<script type=\"application\/ld+json\" class=\"yoast-schema-graph\">{\"@context\":\"https:\/\/schema.org\",\"@graph\":[{\"@type\":\"WebPage\",\"@id\":\"https:\/\/thamnoi-living.com\/about\/\",\"url\":\"https:\/\/thamnoi-living.com\/about\/\",\"name\":\"\u00dcber uns - Thamnoi Living\",\"isPartOf\":{\"@id\":\"https:\/\/thamnoi-living.com\/#website\"},\"primaryImageOfPage\":{\"@id\":\"https:\/\/thamnoi-living.com\/about\/#primaryimage\"},\"image\":{\"@id\":\"https:\/\/thamnoi-living.com\/about\/#primaryimage\"},\"thumbnailUrl\":\"https:\/\/thamnoi-living.com\/wp-content\/uploads\/2023\/08\/mani-1024x768.jpg\",\"datePublished\":\"2023-09-13T15:12:59+00:00\",\"dateModified\":\"2024-01-12T16:21:42+00:00\",\"breadcrumb\":{\"@id\":\"https:\/\/thamnoi-living.com\/about\/#breadcrumb\"},\"inLanguage\":\"de\",\"potentialAction\":[{\"@type\":\"ReadAction\",\"target\":[\"https:\/\/thamnoi-living.com\/about\/\"]}]},{\"@type\":\"ImageObject\",\"inLanguage\":\"de\",\"@id\":\"https:\/\/thamnoi-living.com\/about\/#primaryimage\",\"url\":\"https:\/\/thamnoi-living.com\/wp-content\/uploads\/2023\/08\/mani-1024x768.jpg\",\"contentUrl\":\"https:\/\/thamnoi-living.com\/wp-content\/uploads\/2023\/08\/mani-1024x768.jpg\"},{\"@type\":\"BreadcrumbList\",\"@id\":\"https:\/\/thamnoi-living.com\/about\/#breadcrumb\",\"itemListElement\":[{\"@type\":\"ListItem\",\"position\":1,\"name\":\"\u0391\u03c1\u03c7\u03b9\u03ba\u03ae\",\"item\":\"https:\/\/thamnoi-living.com\/\"},{\"@type\":\"ListItem\",\"position\":2,\"name\":\"\u00dcber uns\"}]},{\"@type\":\"WebSite\",\"@id\":\"https:\/\/thamnoi-living.com\/#website\",\"url\":\"https:\/\/thamnoi-living.com\/\",\"name\":\"Thamnoi Living\",\"description\":\"\",\"publisher\":{\"@id\":\"https:\/\/thamnoi-living.com\/#organization\"},\"potentialAction\":[{\"@type\":\"SearchAction\",\"target\":{\"@type\":\"EntryPoint\",\"urlTemplate\":\"https:\/\/thamnoi-living.com\/?s={search_term_string}\"},\"query-input\":{\"@type\":\"PropertyValueSpecification\",\"valueRequired\":true,\"valueName\":\"search_term_string\"}}],\"inLanguage\":\"de\"},{\"@type\":\"Organization\",\"@id\":\"https:\/\/thamnoi-living.com\/#organization\",\"name\":\"Thamnoi Living\",\"url\":\"https:\/\/thamnoi-living.com\/\",\"logo\":{\"@type\":\"ImageObject\",\"inLanguage\":\"de\",\"@id\":\"https:\/\/thamnoi-living.com\/#\/schema\/logo\/image\/\",\"url\":\"https:\/\/thamnoi-living.com\/wp-content\/uploads\/2023\/08\/THAMNOI-LIVING-1.png\",\"contentUrl\":\"https:\/\/thamnoi-living.com\/wp-content\/uploads\/2023\/08\/THAMNOI-LIVING-1.png\",\"width\":2968,\"height\":2698,\"caption\":\"Thamnoi Living\"},\"image\":{\"@id\":\"https:\/\/thamnoi-living.com\/#\/schema\/logo\/image\/\"}}]}<\/script>\n<!-- \/ Yoast SEO plugin. -->","yoast_head_json":{"title":"\u00dcber uns - Thamnoi Living","robots":{"index":"index","follow":"follow","max-snippet":"max-snippet:-1","max-image-preview":"max-image-preview:large","max-video-preview":"max-video-preview:-1"},"canonical":"https:\/\/thamnoi-living.com\/about\/","og_locale":"de_DE","og_type":"article","og_title":"\u00dcber uns - Thamnoi Living","og_description":"Hier, um Ihnen bei der Verwirklichung Ihrer Vision zu helfen Wie bei so vielen anderen spielte auch die Work-Life-Balance eine RolleDa wir eine wichtige Rolle bei der Gestaltung der Zukunft spielten, verliebten wir unsmit diesem Paradies aus Natur, Essen und Kultur danachBesuch der Mani-Region, von dort aus auf unserer lokalen Reiseund Erfahrung war geboren. Das [&hellip;]","og_url":"https:\/\/thamnoi-living.com\/about\/","og_site_name":"Thamnoi Living","article_modified_time":"2024-01-12T16:21:42+00:00","og_image":[{"url":"https:\/\/thamnoi-living.com\/wp-content\/uploads\/2023\/08\/mani-1024x768.jpg","type":"","width":"","height":""}],"twitter_card":"summary_large_image","twitter_misc":{"Gesch\u00e4tzte Lesezeit":"2\u00a0Minuten"},"schema":{"@context":"https:\/\/schema.org","@graph":[{"@type":"WebPage","@id":"https:\/\/thamnoi-living.com\/about\/","url":"https:\/\/thamnoi-living.com\/about\/","name":"\u00dcber uns - Thamnoi Living","isPartOf":{"@id":"https:\/\/thamnoi-living.com\/#website"},"primaryImageOfPage":{"@id":"https:\/\/thamnoi-living.com\/about\/#primaryimage"},"image":{"@id":"https:\/\/thamnoi-living.com\/about\/#primaryimage"},"thumbnailUrl":"https:\/\/thamnoi-living.com\/wp-content\/uploads\/2023\/08\/mani-1024x768.jpg","datePublished":"2023-09-13T15:12:59+00:00","dateModified":"2024-01-12T16:21:42+00:00","breadcrumb":{"@id":"https:\/\/thamnoi-living.com\/about\/#breadcrumb"},"inLanguage":"de","potentialAction":[{"@type":"ReadAction","target":["https:\/\/thamnoi-living.com\/about\/"]}]},{"@type":"ImageObject","inLanguage":"de","@id":"https:\/\/thamnoi-living.com\/about\/#primaryimage","url":"https:\/\/thamnoi-living.com\/wp-content\/uploads\/2023\/08\/mani-1024x768.jpg","contentUrl":"https:\/\/thamnoi-living.com\/wp-content\/uploads\/2023\/08\/mani-1024x768.jpg"},{"@type":"BreadcrumbList","@id":"https:\/\/thamnoi-living.com\/about\/#breadcrumb","itemListElement":[{"@type":"ListItem","position":1,"name":"\u0391\u03c1\u03c7\u03b9\u03ba\u03ae","item":"https:\/\/thamnoi-living.com\/"},{"@type":"ListItem","position":2,"name":"\u00dcber uns"}]},{"@type":"WebSite","@id":"https:\/\/thamnoi-living.com\/#website","url":"https:\/\/thamnoi-living.com\/","name":"Thamnoi Living","description":"","publisher":{"@id":"https:\/\/thamnoi-living.com\/#organization"},"potentialAction":[{"@type":"SearchAction","target":{"@type":"EntryPoint","urlTemplate":"https:\/\/thamnoi-living.com\/?s={search_term_string}"},"query-input":{"@type":"PropertyValueSpecification","valueRequired":true,"valueName":"search_term_string"}}],"inLanguage":"de"},{"@type":"Organization","@id":"https:\/\/thamnoi-living.com\/#organization","name":"Thamnoi Living","url":"https:\/\/thamnoi-living.com\/","logo":{"@type":"ImageObject","inLanguage":"de","@id":"https:\/\/thamnoi-living.com\/#\/schema\/logo\/image\/","url":"https:\/\/thamnoi-living.com\/wp-content\/uploads\/2023\/08\/THAMNOI-LIVING-1.png","contentUrl":"https:\/\/thamnoi-living.com\/wp-content\/uploads\/2023\/08\/THAMNOI-LIVING-1.png","width":2968,"height":2698,"caption":"Thamnoi Living"},"image":{"@id":"https:\/\/thamnoi-living.com\/#\/schema\/logo\/image\/"}}]}},"_links":{"self":[{"href":"https:\/\/thamnoi-living.com\/de\/wp-json\/wp\/v2\/pages\/900","targetHints":{"allow":["GET"]}}],"collection":[{"href":"https:\/\/thamnoi-living.com\/de\/wp-json\/wp\/v2\/pages"}],"about":[{"href":"https:\/\/thamnoi-living.com\/de\/wp-json\/wp\/v2\/types\/page"}],"author":[{"embeddable":true,"href":"https:\/\/thamnoi-living.com\/de\/wp-json\/wp\/v2\/users\/1"}],"replies":[{"embeddable":true,"href":"https:\/\/thamnoi-living.com\/de\/wp-json\/wp\/v2\/comments?post=900"}],"version-history":[{"count":7,"href":"https:\/\/thamnoi-living.com\/de\/wp-json\/wp\/v2\/pages\/900\/revisions"}],"predecessor-version":[{"id":1113,"href":"https:\/\/thamnoi-living.com\/de\/wp-json\/wp\/v2\/pages\/900\/revisions\/1113"}],"wp:attachment":[{"href":"https:\/\/thamnoi-living.com\/de\/wp-json\/wp\/v2\/media?parent=900"}],"curies":[{"name":"wp","href":"https:\/\/api.w.org\/{rel}","templated":true}]}}